{"id":71,"date":"2020-03-04T18:04:50","date_gmt":"2020-03-04T17:04:50","guid":{"rendered":"https:\/\/asta.mediabees.net\/?page_id=71"},"modified":"2020-08-19T14:27:51","modified_gmt":"2020-08-19T12:27:51","slug":"qvk","status":"publish","type":"page","link":"https:\/\/asta.thga.de\/en\/qvk\/","title":{"rendered":"Quality improvement commission (QIC)"},"content":{"rendered":"<div data-elementor-type=\"wp-page\" data-elementor-id=\"71\" class=\"elementor elementor-71\" data-elementor-post-type=\"page\">\n\t\t\t\t\t\t<section class=\"elementor-section elementor-top-section elementor-element elementor-element-84b838a elementor-section-boxed elementor-section-height-default elementor-section-height-default\" data-id=\"84b838a\" data-element_type=\"section\">\n\t\t\t\t\t\t<div class=\"elementor-container elementor-column-gap-default\">\n\t\t\t\t\t<div class=\"elementor-column elementor-col-100 elementor-top-column elementor-element elementor-element-c82cae2\" data-id=\"c82cae2\" data-element_type=\"column\">\n\t\t\t<div class=\"elementor-widget-wrap elementor-element-populated\">\n\t\t\t\t\t\t<div class=\"elementor-element elementor-element-fe88ad6 elementor-hidden-tablet elementor-hidden-phone elementor-widget elementor-widget-spacer\" data-id=\"fe88ad6\" data-element_type=\"widget\" data-widget_type=\"spacer.default\">\n\t\t\t\t<div class=\"elementor-widget-container\">\n\t\t\t\t\t\t\t<div class=\"elementor-spacer\">\n\t\t\t<div class=\"elementor-spacer-inner\"><\/div>\n\t\t<\/div>\n\t\t\t\t\t\t<\/div>\n\t\t\t\t<\/div>\n\t\t\t\t<div class=\"elementor-element elementor-element-0ac885a elementor-widget elementor-widget-heading\" data-id=\"0ac885a\" data-element_type=\"widget\" data-widget_type=\"heading.default\">\n\t\t\t\t<div class=\"elementor-widget-container\">\n\t\t\t\t\t<h2 class=\"elementor-heading-title elementor-size-default\">Quality Improvement Commission (QIC)<\/h2>\t\t\t\t<\/div>\n\t\t\t\t<\/div>\n\t\t\t\t<div class=\"elementor-element elementor-element-289efe4a elementor-widget elementor-widget-text-editor\" data-id=\"289efe4a\" data-element_type=\"widget\" data-widget_type=\"text-editor.default\">\n\t\t\t\t<div class=\"elementor-widget-container\">\n\t\t\t\t\t\t\t\t\t<h4>The establishment of a Quality Improvement Commission has been required by law as of the winter semester 2011\/12. It discusses proposals for the earmarked use of funds to improve teaching and education.<\/h4><p>Applications from the departments and the student body are discussed and recommended for funding or non-funding to the Presidium.<\/p><p>In addition to the representatives of the Presidium, Budget and Administration, and Staff, four students have permanent seats on this committee and thus a voting majority.<\/p><p>Thus, it can be said that this committee represents a very good interface for the student self-administration to actively pursue university policy and also to exert pressure in the focus on \"special acquisitions and expenditures\".<\/p><p>It should be emphasised that any member of THGA may submit proposals. In addition, in the office of the AStA there is a wooden ballot box, where you can enter proposals for the use of these funds.<\/p><p>If you have any questions, the student representatives of this committee are there for you.<\/p><p>\u00a0<\/p>\t\t\t\t\t\t\t\t<\/div>\n\t\t\t\t<\/div>\n\t\t\t\t<div class=\"elementor-element elementor-element-a871fa4 elementor-widget elementor-widget-spacer\" data-id=\"a871fa4\" data-element_type=\"widget\" data-widget_type=\"spacer.default\">\n\t\t\t\t<div class=\"elementor-widget-container\">\n\t\t\t\t\t\t\t<div class=\"elementor-spacer\">\n\t\t\t<div class=\"elementor-spacer-inner\"><\/div>\n\t\t<\/div>\n\t\t\t\t\t\t<\/div>\n\t\t\t\t<\/div>\n\t\t\t\t\t<\/div>\n\t\t<\/div>\n\t\t\t\t\t<\/div>\n\t\t<\/section>\n\t\t\t\t<section class=\"elementor-section elementor-top-section elementor-element elementor-element-1308c659 elementor-section-boxed elementor-section-height-default elementor-section-height-default\" data-id=\"1308c659\" data-element_type=\"section\">\n\t\t\t\t\t\t<div class=\"elementor-container elementor-column-gap-default\">\n\t\t\t\t\t<div class=\"elementor-column elementor-col-100 elementor-top-column elementor-element elementor-element-656be550\" data-id=\"656be550\" data-element_type=\"column\">\n\t\t\t<div class=\"elementor-widget-wrap\">\n\t\t\t\t\t\t\t<\/div>\n\t\t<\/div>\n\t\t\t\t\t<\/div>\n\t\t<\/section>\n\t\t\t\t<\/div>","protected":false},"excerpt":{"rendered":"<p>Qualit\u00e4ts-verbesserungs-kommission (QVK) Der Unterhalt einer Qualit\u00e4tsverbesserungskommission ist ab dem Wintersemester 11\/12 gesetzlich vorgeschrieben. In ihr werden Vorschl\u00e4ge f\u00fcr die zweckgebundene Verwendung von Geldern f\u00fcr die Verbesserung von Lehre und Bildung er\u00f6rtert. Dabei werden Antr\u00e4ge der Fachbereiche und der Studierendenschaft er\u00f6rtert und zur F\u00f6rderung oder nicht F\u00f6rderungen beim Pr\u00e4sidium empfohlen. Neben Vertretung f\u00fcr Pr\u00e4sidium, Haushalt und [&hellip;]<\/p>","protected":false},"author":12,"featured_media":0,"parent":0,"menu_order":0,"comment_status":"closed","ping_status":"closed","template":"","meta":{"footnotes":""},"class_list":["post-71","page","type-page","status-publish","hentry"],"_links":{"self":[{"href":"https:\/\/asta.thga.de\/en\/wp-json\/wp\/v2\/pages\/71","targetHints":{"allow":["GET"]}}],"collection":[{"href":"https:\/\/asta.thga.de\/en\/wp-json\/wp\/v2\/pages"}],"about":[{"href":"https:\/\/asta.thga.de\/en\/wp-json\/wp\/v2\/types\/page"}],"author":[{"embeddable":true,"href":"https:\/\/asta.thga.de\/en\/wp-json\/wp\/v2\/users\/12"}],"replies":[{"embeddable":true,"href":"https:\/\/asta.thga.de\/en\/wp-json\/wp\/v2\/comments?post=71"}],"version-history":[{"count":7,"href":"https:\/\/asta.thga.de\/en\/wp-json\/wp\/v2\/pages\/71\/revisions"}],"predecessor-version":[{"id":8455,"href":"https:\/\/asta.thga.de\/en\/wp-json\/wp\/v2\/pages\/71\/revisions\/8455"}],"wp:attachment":[{"href":"https:\/\/asta.thga.de\/en\/wp-json\/wp\/v2\/media?parent=71"}],"curies":[{"name":"wp","href":"https:\/\/api.w.org\/{rel}","templated":true}]}}