{"id":69,"date":"2020-03-04T18:04:30","date_gmt":"2020-03-04T17:04:30","guid":{"rendered":"https:\/\/asta.mediabees.net\/?page_id=69"},"modified":"2021-10-30T00:49:31","modified_gmt":"2021-10-29T22:49:31","slug":"senat","status":"publish","type":"page","link":"https:\/\/asta.thga.de\/en\/senat\/","title":{"rendered":"Senate"},"content":{"rendered":"<div data-elementor-type=\"wp-page\" data-elementor-id=\"69\" class=\"elementor elementor-69\" data-elementor-post-type=\"page\">\n\t\t\t\t\t\t<section class=\"elementor-section elementor-top-section elementor-element elementor-element-9de1a8a elementor-section-boxed elementor-section-height-default elementor-section-height-default\" data-id=\"9de1a8a\" data-element_type=\"section\">\n\t\t\t\t\t\t<div class=\"elementor-container elementor-column-gap-default\">\n\t\t\t\t\t<div class=\"elementor-column elementor-col-100 elementor-top-column elementor-element elementor-element-a209c51\" data-id=\"a209c51\" data-element_type=\"column\">\n\t\t\t<div class=\"elementor-widget-wrap elementor-element-populated\">\n\t\t\t\t\t\t<div class=\"elementor-element elementor-element-1106b05 elementor-widget elementor-widget-spacer\" data-id=\"1106b05\" data-element_type=\"widget\" data-widget_type=\"spacer.default\">\n\t\t\t\t<div class=\"elementor-widget-container\">\n\t\t\t\t\t\t\t<div class=\"elementor-spacer\">\n\t\t\t<div class=\"elementor-spacer-inner\"><\/div>\n\t\t<\/div>\n\t\t\t\t\t\t<\/div>\n\t\t\t\t<\/div>\n\t\t\t\t<div class=\"elementor-element elementor-element-e853014 elementor-widget elementor-widget-heading\" data-id=\"e853014\" data-element_type=\"widget\" data-widget_type=\"heading.default\">\n\t\t\t\t<div class=\"elementor-widget-container\">\n\t\t\t\t\t<h2 class=\"elementor-heading-title elementor-size-default\">Senate<\/h2>\t\t\t\t<\/div>\n\t\t\t\t<\/div>\n\t\t\t\t<div class=\"elementor-element elementor-element-7d1280a5 elementor-widget elementor-widget-text-editor\" data-id=\"7d1280a5\" data-element_type=\"widget\" data-widget_type=\"text-editor.default\">\n\t\t\t\t<div class=\"elementor-widget-container\">\n\t\t\t\t\t\t\t\t\t<h4 style=\"text-align: left\">The Senate decides on the THGA statutes and regulations as well as on the approval of the appointment of vice presidents. It makes proposals to the holding company for the appointment of professors. Moreover, the Senate comments on the distribution of duties among the vice presidents and on the selection of the vice president for budget and administration and on the university's development plans; the Senate is also responsible for proposals on the awarding of honorary professorships. The members of the Senate are:<\/h4><p><b>Chair:<\/b><\/p><p>Prof. Dr. rer. pol. J\u00fcrgen Kretschmann (Pr\u00e4sident)<\/p><p><strong>Voting members:<br>Professors:<\/strong><\/p><ul><li>Prof. Dr. Ludger Rattmann (Georessourcen und Verfahrenstechnik)<\/li><li>Prof. Dr.-Ing. Peter Frank <em>(<\/em><em>Maschinenbau und Materialwissenschaften)<\/em><\/li><li>Prof. Dr.-Ing. Dirk Brakensiek <em>(<\/em><em>Elektro-\/Informationstechnik und Wirtschaftsingenieurwesen)<\/em><\/li><\/ul><p><b>Academic staff:<\/b><\/p><ul><li>Robin Budde, M.Eng. <em>(Maschinenbau und Materialwissenschaften<\/em><em>)<\/em><\/li><li>Roland Joosten, M.Eng. <em>(Georessourcen und Verfahrenstechnik)<\/em><\/li><li>Uwe K\u00fcster, M.Sc. <em>(Maschinenbau und Materialwissenschaften)<\/em><\/li><\/ul><p><b>Other employees:<\/b><\/p><ul><li>Silvia Deubner <em>(Studierendenservice)<\/em><\/li><li>Dipl.-Kff. Anna Gerecke <em>(Lehrveranstaltungsmanagement)<\/em><\/li><li>M.A. Benedikt Gr\u00e4fingholt (<em>Third Mission)<\/em><\/li><\/ul><p><b>Students:<\/b><\/p><ul><li>Sylvia Bornemann<\/li><li>Yannick Volkenborn<\/li><li>Katharina Heister\u00fcber<\/li><\/ul><p><b>Advisory members:<\/b><\/p><ul><li>Prof Dr. rer. pol. J\u00fcrgen Kretschmann\u00a0<em>(Pr\u00e4sident, Vorsitzender)<\/em><\/li><li>Dr. jur.\u00a0Susanne Buchbinder\u00a0<em>(Vizepr\u00e4sidentin)<\/em><\/li><li>Prof. res. pol. Heike Kehlbeck <em>(Vizepr\u00e4sidentin)<\/em><\/li><li>Prof. Dr. rer. nat. Michael Prange <em>(Vizepr\u00e4sident)<\/em><\/li><li>Prof. Dr.-Ing. Michael Bendrat <em>(Vizepr\u00e4sident)<\/em><\/li><li>Prof. Dr.-Ing. Ulrich Paschedag<em> (Vizepr\u00e4sident)<\/em><\/li><li>Maxim Engel <em>(AStA-Vorsitzender)<\/em><\/li><li>Dipl.-Soz.-Wiss. Jasmin Gerau <em>(Gleichstellungsbeauftragte)<\/em><\/li><li>Dr. rer. nat. Christiane Scholz <em>(Vorsitzende des Betriebsrats)<\/em><\/li><\/ul><p><b>Honorary Senators:<\/b><\/p><p>Dr. Wilhelm Beermann<br \/>Peter Schrimpf<\/p>\t\t\t\t\t\t\t\t<\/div>\n\t\t\t\t<\/div>\n\t\t\t\t<div class=\"elementor-element elementor-element-97357eb elementor-widget elementor-widget-spacer\" data-id=\"97357eb\" data-element_type=\"widget\" data-widget_type=\"spacer.default\">\n\t\t\t\t<div class=\"elementor-widget-container\">\n\t\t\t\t\t\t\t<div class=\"elementor-spacer\">\n\t\t\t<div class=\"elementor-spacer-inner\"><\/div>\n\t\t<\/div>\n\t\t\t\t\t\t<\/div>\n\t\t\t\t<\/div>\n\t\t\t\t\t<\/div>\n\t\t<\/div>\n\t\t\t\t\t<\/div>\n\t\t<\/section>\n\t\t\t\t<\/div>","protected":false},"excerpt":{"rendered":"<p>Senat Der Senat beschlie\u00dft \u00fcber Satzungen und Ordnungen der THGA sowie \u00fcber die Zustimmung zur Ernennung der Vizepr\u00e4sidentinnen und Vizepr\u00e4sidenten. Er macht den Tr\u00e4gern Vorschl\u00e4ge zur Berufung von Professorinnen und Professoren. Der Senat nimmt au\u00dferdem Stellung zur Aufgabenverteilung der Vizepr\u00e4sidentinnen und Vizepr\u00e4sidenten und zur Auswahl der Vizepr\u00e4sidentin bzw. des Vizepr\u00e4sidenten f\u00fcr Haushalt und Verwaltung, zu [&hellip;]<\/p>","protected":false},"author":12,"featured_media":0,"parent":0,"menu_order":0,"comment_status":"closed","ping_status":"closed","template":"","meta":{"footnotes":""},"class_list":["post-69","page","type-page","status-publish","hentry"],"_links":{"self":[{"href":"https:\/\/asta.thga.de\/en\/wp-json\/wp\/v2\/pages\/69","targetHints":{"allow":["GET"]}}],"collection":[{"href":"https:\/\/asta.thga.de\/en\/wp-json\/wp\/v2\/pages"}],"about":[{"href":"https:\/\/asta.thga.de\/en\/wp-json\/wp\/v2\/types\/page"}],"author":[{"embeddable":true,"href":"https:\/\/asta.thga.de\/en\/wp-json\/wp\/v2\/users\/12"}],"replies":[{"embeddable":true,"href":"https:\/\/asta.thga.de\/en\/wp-json\/wp\/v2\/comments?post=69"}],"version-history":[{"count":11,"href":"https:\/\/asta.thga.de\/en\/wp-json\/wp\/v2\/pages\/69\/revisions"}],"predecessor-version":[{"id":9561,"href":"https:\/\/asta.thga.de\/en\/wp-json\/wp\/v2\/pages\/69\/revisions\/9561"}],"wp:attachment":[{"href":"https:\/\/asta.thga.de\/en\/wp-json\/wp\/v2\/media?parent=69"}],"curies":[{"name":"wp","href":"https:\/\/api.w.org\/{rel}","templated":true}]}}