{"id":11473,"date":"2024-05-15T20:24:53","date_gmt":"2024-05-15T18:24:53","guid":{"rendered":"https:\/\/asta.thga.de\/?page_id=11473"},"modified":"2024-06-25T16:26:26","modified_gmt":"2024-06-25T14:26:26","slug":"freizeit-2","status":"publish","type":"page","link":"https:\/\/asta.thga.de\/en\/freizeit-2\/","title":{"rendered":"Freizeit"},"content":{"rendered":"<div data-elementor-type=\"wp-page\" data-elementor-id=\"11473\" class=\"elementor elementor-11473\" data-elementor-post-type=\"page\">\n\t\t\t\t\t\t<section class=\"elementor-section elementor-top-section elementor-element elementor-element-758335e elementor-section-boxed elementor-section-height-default elementor-section-height-default\" data-id=\"758335e\" data-element_type=\"section\">\n\t\t\t\t\t\t<div class=\"elementor-container elementor-column-gap-default\">\n\t\t\t\t\t<div class=\"elementor-column elementor-col-100 elementor-top-column elementor-element elementor-element-c151f31\" data-id=\"c151f31\" data-element_type=\"column\">\n\t\t\t<div class=\"elementor-widget-wrap elementor-element-populated\">\n\t\t\t\t\t\t<div class=\"elementor-element elementor-element-74b739d elementor-widget elementor-widget-heading\" data-id=\"74b739d\" data-element_type=\"widget\" data-widget_type=\"heading.default\">\n\t\t\t\t<div class=\"elementor-widget-container\">\n\t\t\t\t\t<h2 class=\"elementor-heading-title elementor-size-default\">Angebote hier bei uns an der THGA <\/h2>\t\t\t\t<\/div>\n\t\t\t\t<\/div>\n\t\t\t\t\t<\/div>\n\t\t<\/div>\n\t\t\t\t\t<\/div>\n\t\t<\/section>\n\t\t\t\t<section class=\"elementor-section elementor-top-section elementor-element elementor-element-a2cbeef elementor-section-boxed elementor-section-height-default elementor-section-height-default\" data-id=\"a2cbeef\" data-element_type=\"section\">\n\t\t\t\t\t\t<div class=\"elementor-container elementor-column-gap-default\">\n\t\t\t\t\t<div class=\"elementor-column elementor-col-100 elementor-top-column elementor-element elementor-element-34aeb7c\" data-id=\"34aeb7c\" data-element_type=\"column\">\n\t\t\t<div class=\"elementor-widget-wrap elementor-element-populated\">\n\t\t\t\t\t\t<div class=\"elementor-element elementor-element-795b9cd elementor-widget elementor-widget-text-editor\" data-id=\"795b9cd\" data-element_type=\"widget\" data-widget_type=\"text-editor.default\">\n\t\t\t\t<div class=\"elementor-widget-container\">\n\t\t\t\t\t\t\t\t\t<h2>THGA-Makerspace<\/h2><p><strong>Was:<\/strong> 3D-Druck, Workshops und Co. Nach Einweisung eigenst\u00e4ndiges Arbeiten m\u00f6glich.<\/p><p><strong>Wo:<\/strong> Bei uns an der THGA.<\/p><p><strong>Wie viel:<\/strong> F\u00fcr alle THGA-Studenten kostenlos.<\/p><p><strong>Links:<\/strong> Internetseite: <a href=\"https:\/\/www.thga.de\/forschung\/forschung-an-der-thga\/thga-makerspace\">https:\/\/www.thga.de\/forschung\/forschung-an-der-thga\/thga-makerspace<\/a><\/p><p>\u00a0\u00a0\u00a0\u00a0\u00a0\u00a0\u00a0\u00a0\u00a0\u00a0\u00a0 Instagram: <a href=\"https:\/\/www.instagram.com\/thga_makerspace\/\">https:\/\/www.instagram.com\/thga_makerspace\/<\/a><\/p>\t\t\t\t\t\t\t\t<\/div>\n\t\t\t\t<\/div>\n\t\t\t\t\t<\/div>\n\t\t<\/div>\n\t\t\t\t\t<\/div>\n\t\t<\/section>\n\t\t\t\t<section class=\"elementor-section elementor-top-section elementor-element elementor-element-d14fa95 elementor-section-boxed elementor-section-height-default elementor-section-height-default\" data-id=\"d14fa95\" data-element_type=\"section\">\n\t\t\t\t\t\t<div class=\"elementor-container elementor-column-gap-default\">\n\t\t\t\t\t<div class=\"elementor-column elementor-col-100 elementor-top-column elementor-element elementor-element-900e5d2\" data-id=\"900e5d2\" data-element_type=\"column\">\n\t\t\t<div class=\"elementor-widget-wrap elementor-element-populated\">\n\t\t\t\t\t\t<div class=\"elementor-element elementor-element-bac6330 elementor-widget elementor-widget-heading\" data-id=\"bac6330\" data-element_type=\"widget\" data-widget_type=\"heading.default\">\n\t\t\t\t<div class=\"elementor-widget-container\">\n\t\t\t\t\t<h2 class=\"elementor-heading-title elementor-size-default\">Stadtb\u00fccherei<\/h2>\t\t\t\t<\/div>\n\t\t\t\t<\/div>\n\t\t\t\t\t<\/div>\n\t\t<\/div>\n\t\t\t\t\t<\/div>\n\t\t<\/section>\n\t\t\t\t<section class=\"elementor-section elementor-top-section elementor-element elementor-element-1531665 elementor-section-boxed elementor-section-height-default elementor-section-height-default\" data-id=\"1531665\" data-element_type=\"section\">\n\t\t\t\t\t\t<div class=\"elementor-container elementor-column-gap-default\">\n\t\t\t\t\t<div class=\"elementor-column elementor-col-100 elementor-top-column elementor-element elementor-element-b763ca4\" data-id=\"b763ca4\" data-element_type=\"column\">\n\t\t\t<div class=\"elementor-widget-wrap elementor-element-populated\">\n\t\t\t\t\t\t<div class=\"elementor-element elementor-element-94cbff6 elementor-widget elementor-widget-text-editor\" data-id=\"94cbff6\" data-element_type=\"widget\" data-widget_type=\"text-editor.default\">\n\t\t\t\t<div class=\"elementor-widget-container\">\n\t\t\t\t\t\t\t\t\t<p><strong>Was:<\/strong> Stadtb\u00fccherei Bochum<\/p><p><strong>Wo: <\/strong>Zentralb\u00fccherei: Gustav-Heinemann-Platz\u00a02-6, 44777\u00a0Bochum<\/p><p><strong>Wie viel:<\/strong> Benutzungsausweis kostenlos beantragen, durch Vorzeigen des Studierendenausweises<\/p><p><strong>Links:<\/strong> Alle Standorte: <a href=\"https:\/\/stadtbuecherei.bochum.de\/unsere_standorte\">https:\/\/stadtbuecherei.bochum.de\/unsere_standorte<\/a><\/p><p>Internetseite: <a href=\"https:\/\/stadtbuecherei.bochum.de\/startseite#\/\">https:\/\/stadtbuecherei.bochum.de\/startseite#\/<\/a><\/p>\t\t\t\t\t\t\t\t<\/div>\n\t\t\t\t<\/div>\n\t\t\t\t\t<\/div>\n\t\t<\/div>\n\t\t\t\t\t<\/div>\n\t\t<\/section>\n\t\t\t\t<section class=\"elementor-section elementor-top-section elementor-element elementor-element-58bdc0b elementor-section-boxed elementor-section-height-default elementor-section-height-default\" data-id=\"58bdc0b\" data-element_type=\"section\">\n\t\t\t\t\t\t<div class=\"elementor-container elementor-column-gap-default\">\n\t\t\t\t\t<div class=\"elementor-column elementor-col-100 elementor-top-column elementor-element elementor-element-fb46866\" data-id=\"fb46866\" data-element_type=\"column\">\n\t\t\t<div class=\"elementor-widget-wrap elementor-element-populated\">\n\t\t\t\t\t\t<div class=\"elementor-element elementor-element-c94d95e elementor-widget elementor-widget-heading\" data-id=\"c94d95e\" data-element_type=\"widget\" data-widget_type=\"heading.default\">\n\t\t\t\t<div class=\"elementor-widget-container\">\n\t\t\t\t\t<h2 class=\"elementor-heading-title elementor-size-default\">Football\/Soccer<\/h2>\t\t\t\t<\/div>\n\t\t\t\t<\/div>\n\t\t\t\t\t<\/div>\n\t\t<\/div>\n\t\t\t\t\t<\/div>\n\t\t<\/section>\n\t\t\t\t<section class=\"elementor-section elementor-top-section elementor-element elementor-element-08690a0 elementor-section-boxed elementor-section-height-default elementor-section-height-default\" data-id=\"08690a0\" data-element_type=\"section\">\n\t\t\t\t\t\t<div class=\"elementor-container elementor-column-gap-default\">\n\t\t\t\t\t<div class=\"elementor-column elementor-col-100 elementor-top-column elementor-element elementor-element-ae36d6d\" data-id=\"ae36d6d\" data-element_type=\"column\">\n\t\t\t<div class=\"elementor-widget-wrap elementor-element-populated\">\n\t\t\t\t\t\t<div class=\"elementor-element elementor-element-2e359f5 elementor-widget elementor-widget-text-editor\" data-id=\"2e359f5\" data-element_type=\"widget\" data-widget_type=\"text-editor.default\">\n\t\t\t\t<div class=\"elementor-widget-container\">\n\t\t\t\t\t\t\t\t\t<p><strong>Was:<\/strong> Fu\u00dfball spielen in der Halle (Angebot nur f\u00fcr Studenten der THGA).<\/p><p><strong>Wo:<\/strong> In der Sporthalle der Freien Schule Bochum, Wiemelhauser Stra\u00dfe 270<\/p><p><strong>Wie viel:<\/strong> Kostenlos<\/p><p><strong>Links:<\/strong> Anmelden unter <a href=\"mailto:sport@asta.thga.de\">sport@asta.thga.de<\/a> mit Namen und Matrikelnummer<\/p>\t\t\t\t\t\t\t\t<\/div>\n\t\t\t\t<\/div>\n\t\t\t\t\t<\/div>\n\t\t<\/div>\n\t\t\t\t\t<\/div>\n\t\t<\/section>\n\t\t\t\t<section class=\"elementor-section elementor-top-section elementor-element elementor-element-b657db6 elementor-section-boxed elementor-section-height-default elementor-section-height-default\" data-id=\"b657db6\" data-element_type=\"section\">\n\t\t\t\t\t\t<div class=\"elementor-container elementor-column-gap-default\">\n\t\t\t\t\t<div class=\"elementor-column elementor-col-100 elementor-top-column elementor-element elementor-element-688335e\" data-id=\"688335e\" data-element_type=\"column\">\n\t\t\t<div class=\"elementor-widget-wrap elementor-element-populated\">\n\t\t\t\t\t\t<div class=\"elementor-element elementor-element-4046f90 elementor-widget elementor-widget-heading\" data-id=\"4046f90\" data-element_type=\"widget\" data-widget_type=\"heading.default\">\n\t\t\t\t<div class=\"elementor-widget-container\">\n\t\t\t\t\t<h2 class=\"elementor-heading-title elementor-size-default\">Bochumer Bowling Treff<\/h2>\t\t\t\t<\/div>\n\t\t\t\t<\/div>\n\t\t\t\t\t<\/div>\n\t\t<\/div>\n\t\t\t\t\t<\/div>\n\t\t<\/section>\n\t\t\t\t<section class=\"elementor-section elementor-top-section elementor-element elementor-element-8a3f6ac elementor-section-boxed elementor-section-height-default elementor-section-height-default\" data-id=\"8a3f6ac\" data-element_type=\"section\">\n\t\t\t\t\t\t<div class=\"elementor-container elementor-column-gap-default\">\n\t\t\t\t\t<div class=\"elementor-column elementor-col-100 elementor-top-column elementor-element elementor-element-d026663\" data-id=\"d026663\" data-element_type=\"column\">\n\t\t\t<div class=\"elementor-widget-wrap elementor-element-populated\">\n\t\t\t\t\t\t<div class=\"elementor-element elementor-element-bf0768a elementor-widget elementor-widget-text-editor\" data-id=\"bf0768a\" data-element_type=\"widget\" data-widget_type=\"text-editor.default\">\n\t\t\t\t<div class=\"elementor-widget-container\">\n\t\t\t\t\t\t\t\t\t<p><strong>Was:<\/strong> Bowling f\u00fcr bis zu 7 Personen pro Bahn<\/p>\n<p><strong>Wo:<\/strong> Herner Str. 36, 44787 Bochum. Direkt gegen\u00fcber von der Hochschule.<\/p>\n<p><strong>Wie viel:<\/strong>&nbsp; &nbsp; &nbsp; &nbsp; &nbsp;Mo-Do bis 18 Uhr 1 Std. max. 7 Personen: 23,00 \u20ac<\/p>\n<p>&nbsp;&nbsp;&nbsp;&nbsp;&nbsp;&nbsp;&nbsp;&nbsp;&nbsp;&nbsp;&nbsp;&nbsp;&nbsp;&nbsp;&nbsp;&nbsp;&nbsp;&nbsp;&nbsp;&nbsp;&nbsp;&nbsp;&nbsp; Mo-Do ab 18 Uhr 1 Std. max. 7 Personen: 29,00 \u20ac<\/p>\n<p>&nbsp;&nbsp;&nbsp;&nbsp;&nbsp;&nbsp;&nbsp;&nbsp;&nbsp;&nbsp;&nbsp; &nbsp;&nbsp;&nbsp;&nbsp;&nbsp;&nbsp;&nbsp;&nbsp;&nbsp;&nbsp;&nbsp; Fr &amp; Sa bis 18 Uhr 1 Std. max. 7 Personen: 26,00 \u20ac<\/p>\n<p>&nbsp;&nbsp;&nbsp;&nbsp;&nbsp;&nbsp;&nbsp;&nbsp;&nbsp;&nbsp;&nbsp;&nbsp;&nbsp;&nbsp;&nbsp;&nbsp;&nbsp;&nbsp;&nbsp;&nbsp;&nbsp;&nbsp;&nbsp; Fr &amp; Sa ab 18 Uhr 1 Std. max. 7 Personen: 39,00 \u20ac<\/p>\n<p>&nbsp;&nbsp;&nbsp;&nbsp;&nbsp;&nbsp;&nbsp;&nbsp;&nbsp;&nbsp;&nbsp;&nbsp;&nbsp;&nbsp;&nbsp;&nbsp;&nbsp;&nbsp;&nbsp;&nbsp;&nbsp;&nbsp;&nbsp; So bis 16 Uhr 1 Std. max. 7 Personen: 23,00 \u20ac<\/p>\n<p>&nbsp;&nbsp;&nbsp;&nbsp;&nbsp;&nbsp;&nbsp;&nbsp;&nbsp;&nbsp;&nbsp;&nbsp;&nbsp;&nbsp;&nbsp;&nbsp;&nbsp;&nbsp;&nbsp;&nbsp;&nbsp;&nbsp;&nbsp; So ab 16 Uhr 1 Std. max. 7 Personen: 26,00 \u20ac<\/p>\n<p>&nbsp;&nbsp;&nbsp;&nbsp;&nbsp;&nbsp;&nbsp;&nbsp;&nbsp;&nbsp;&nbsp;&nbsp;&nbsp;&nbsp;&nbsp;&nbsp;&nbsp;&nbsp;&nbsp;&nbsp;&nbsp;&nbsp;&nbsp; Leihgeb\u00fchr f\u00fcr 1 Paar Bowlingschuhe 1,00 \u20ac<\/p>\n<p><strong>Links:<\/strong> Internetseite: <a href=\"https:\/\/www.bobt.de\/\">https:\/\/www.bobt.de\/#<\/a><\/p>\n<p>&nbsp;&nbsp;&nbsp;&nbsp;&nbsp;&nbsp;&nbsp;&nbsp;&nbsp;&nbsp;&nbsp; Angebote: <a href=\"https:\/\/www.bobt.de\/#angebote\">https:\/\/www.bobt.de\/#angebote<\/a><\/p>\t\t\t\t\t\t\t\t<\/div>\n\t\t\t\t<\/div>\n\t\t\t\t\t<\/div>\n\t\t<\/div>\n\t\t\t\t\t<\/div>\n\t\t<\/section>\n\t\t\t\t<section class=\"elementor-section elementor-top-section elementor-element elementor-element-ac8e808 elementor-section-boxed elementor-section-height-default elementor-section-height-default\" data-id=\"ac8e808\" data-element_type=\"section\">\n\t\t\t\t\t\t<div class=\"elementor-container elementor-column-gap-default\">\n\t\t\t\t\t<div class=\"elementor-column elementor-col-100 elementor-top-column elementor-element elementor-element-5ce3b32\" data-id=\"5ce3b32\" data-element_type=\"column\">\n\t\t\t<div class=\"elementor-widget-wrap elementor-element-populated\">\n\t\t\t\t\t\t<div class=\"elementor-element elementor-element-da7a025 elementor-widget elementor-widget-heading\" data-id=\"da7a025\" data-element_type=\"widget\" data-widget_type=\"heading.default\">\n\t\t\t\t<div class=\"elementor-widget-container\">\n\t\t\t\t\t<h2 class=\"elementor-heading-title elementor-size-default\">Hallenbad Querenburg \"Unibad\"<\/h2>\t\t\t\t<\/div>\n\t\t\t\t<\/div>\n\t\t\t\t\t<\/div>\n\t\t<\/div>\n\t\t\t\t\t<\/div>\n\t\t<\/section>\n\t\t\t\t<section class=\"elementor-section elementor-top-section elementor-element elementor-element-dab4e55 elementor-section-boxed elementor-section-height-default elementor-section-height-default\" data-id=\"dab4e55\" data-element_type=\"section\">\n\t\t\t\t\t\t<div class=\"elementor-container elementor-column-gap-default\">\n\t\t\t\t\t<div class=\"elementor-column elementor-col-100 elementor-top-column elementor-element elementor-element-c027398\" data-id=\"c027398\" data-element_type=\"column\">\n\t\t\t<div class=\"elementor-widget-wrap elementor-element-populated\">\n\t\t\t\t\t\t<div class=\"elementor-element elementor-element-33ef6d4 elementor-widget elementor-widget-text-editor\" data-id=\"33ef6d4\" data-element_type=\"widget\" data-widget_type=\"text-editor.default\">\n\t\t\t\t<div class=\"elementor-widget-container\">\n\t\t\t\t\t\t\t\t\t<p><strong>Was:<\/strong> Hallenbad<\/p><p><strong>Wo:<\/strong> Hustadtring 157, 44801 Bochum, mit der U35-Haltestelle \u201eRuhr-Universit\u00e4t\u201c oder \u201eGesundheitscampus\u201c, mit der Bushaltestelle \u201eHallenbad Querenburg\u201c<\/p><p><strong>Wie viel:<\/strong> \u00a0\u00a0\u00a0\u00a0\u00a0\u00a0\u00a0\u00a0 Einzeleintritt Vollzahler: 5,00 \u20ac<\/p><p>\u00a0\u00a0\u00a0\u00a0\u00a0\u00a0\u00a0\u00a0\u00a0\u00a0\u00a0\u00a0\u00a0\u00a0\u00a0\u00a0\u00a0\u00a0\u00a0\u00a0\u00a0\u00a0\u00a0 Einzeleintritt erm\u00e4\u00dfigt Studenten unter 29 Jahren (gegen Nachweis): 3,00 \u20ac<\/p><p>\u00a0\u00a0\u00a0\u00a0\u00a0\u00a0\u00a0\u00a0\u00a0\u00a0\u00a0\u00a0\u00a0\u00a0\u00a0\u00a0\u00a0\u00a0\u00a0\u00a0\u00a0\u00a0\u00a0 Mit Kassenbon 2 \u20ac zur\u00fcck vom AStA maximal 1x pro Woche.<\/p><p><strong>Links:<\/strong> Internetseite: <a href=\"https:\/\/wasserwelten-bochum.de\/unsere-baeder\/querenburg\/\">https:\/\/wasserwelten-bochum.de\/unsere-baeder\/querenburg\/<\/a><\/p>\t\t\t\t\t\t\t\t<\/div>\n\t\t\t\t<\/div>\n\t\t\t\t\t<\/div>\n\t\t<\/div>\n\t\t\t\t\t<\/div>\n\t\t<\/section>\n\t\t\t\t<\/div>","protected":false},"excerpt":{"rendered":"<p>Angebote hier bei uns an der THGA THGA-Makerspace Was: 3D-Druck, Workshops und Co. Nach Einweisung eigenst\u00e4ndiges Arbeiten m\u00f6glich. Wo: Bei uns an der THGA. Wie viel: F\u00fcr alle THGA-Studenten kostenlos. Links: Internetseite: https:\/\/www.thga.de\/forschung\/forschung-an-der-thga\/thga-makerspace \u00a0\u00a0\u00a0\u00a0\u00a0\u00a0\u00a0\u00a0\u00a0\u00a0\u00a0 Instagram: https:\/\/www.instagram.com\/thga_makerspace\/ Stadtb\u00fccherei Was: Stadtb\u00fccherei Bochum Wo: Zentralb\u00fccherei: Gustav-Heinemann-Platz\u00a02-6, 44777\u00a0Bochum Wie viel: Benutzungsausweis kostenlos beantragen, durch Vorzeigen des Studierendenausweises Links: Alle [&hellip;]<\/p>","protected":false},"author":8,"featured_media":0,"parent":0,"menu_order":0,"comment_status":"closed","ping_status":"closed","template":"","meta":{"footnotes":""},"class_list":["post-11473","page","type-page","status-publish","hentry"],"_links":{"self":[{"href":"https:\/\/asta.thga.de\/en\/wp-json\/wp\/v2\/pages\/11473","targetHints":{"allow":["GET"]}}],"collection":[{"href":"https:\/\/asta.thga.de\/en\/wp-json\/wp\/v2\/pages"}],"about":[{"href":"https:\/\/asta.thga.de\/en\/wp-json\/wp\/v2\/types\/page"}],"author":[{"embeddable":true,"href":"https:\/\/asta.thga.de\/en\/wp-json\/wp\/v2\/users\/8"}],"replies":[{"embeddable":true,"href":"https:\/\/asta.thga.de\/en\/wp-json\/wp\/v2\/comments?post=11473"}],"version-history":[{"count":18,"href":"https:\/\/asta.thga.de\/en\/wp-json\/wp\/v2\/pages\/11473\/revisions"}],"predecessor-version":[{"id":11555,"href":"https:\/\/asta.thga.de\/en\/wp-json\/wp\/v2\/pages\/11473\/revisions\/11555"}],"wp:attachment":[{"href":"https:\/\/asta.thga.de\/en\/wp-json\/wp\/v2\/media?parent=11473"}],"curies":[{"name":"wp","href":"https:\/\/api.w.org\/{rel}","templated":true}]}}